{"id":1085,"date":"2014-01-22T11:19:18","date_gmt":"2014-01-22T10:19:18","guid":{"rendered":"http:\/\/www.harpe-celtique.fr\/festival\/?page_id=1085"},"modified":"2026-02-11T12:29:07","modified_gmt":"2026-02-11T11:29:07","slug":"stage-de-harpe","status":"publish","type":"page","link":"https:\/\/www.harpe-celtique.fr\/festival\/stage-de-harpe\/","title":{"rendered":"Stage de harpe 47e Stage de harpe celtique"},"content":{"rendered":"\n<h3 class=\"wp-block-heading\">&#x1f4c5; <strong>Du 8 au 12 juillet 2026<\/strong><\/h3>\n\n\n\n<h3 class=\"wp-block-heading\">&#x1f4cd; <strong>Dinan (C\u00f4tes-d\u2019Armor, France<\/strong><\/h3>\n\n\n\n<p>&nbsp;Les inscriptions sont d\u00e9sormais ouvertes !<\/p>\n\n\n\n<figure class=\"wp-block-image size-large\"><img loading=\"lazy\" decoding=\"async\" width=\"1024\" height=\"570\" src=\"https:\/\/www.harpe-celtique.fr\/festival\/wp-content\/uploads\/2026\/02\/visuel-1024x570.jpg\" alt=\"\" class=\"wp-image-4256\" srcset=\"https:\/\/www.harpe-celtique.fr\/festival\/wp-content\/uploads\/2026\/02\/visuel-1024x570.jpg 1024w, https:\/\/www.harpe-celtique.fr\/festival\/wp-content\/uploads\/2026\/02\/visuel-300x167.jpg 300w, https:\/\/www.harpe-celtique.fr\/festival\/wp-content\/uploads\/2026\/02\/visuel-768x427.jpg 768w, https:\/\/www.harpe-celtique.fr\/festival\/wp-content\/uploads\/2026\/02\/visuel-1536x855.jpg 1536w, https:\/\/www.harpe-celtique.fr\/festival\/wp-content\/uploads\/2026\/02\/visuel.jpg 2000w\" sizes=\"auto, (max-width: 1024px) 100vw, 1024px\" \/><\/figure>\n\n\n\n<p><\/p>\n\n\n\n<h2 class=\"wp-block-heading\">Pr\u00e9sentation du stage<\/h2>\n\n\n\n<p>Le stage est ouvert \u00e0 <strong>tous les niveaux<\/strong>, \u00e0 partir de <strong>10 ans<\/strong>, du d\u00e9butant au musicien professionnel.<br>L\u2019enseignement est principalement <strong>oral<\/strong>, dans l\u2019esprit des musiques traditionnelles.<\/p>\n\n\n\n<p>Organis\u00e9 dans le cadre des <strong>42\u1d49 Rencontres Internationales de Harpes Celtiques<\/strong>, le stage offre une immersion compl\u00e8te : cours, ateliers, concerts, rencontres et temps d\u2019\u00e9change, au sein d\u2019un programme riche et vari\u00e9.<\/p>\n\n\n\n<h2 class=\"wp-block-heading\"><strong>Intervenant.e.s 2026 :&nbsp;<\/strong><\/h2>\n\n\n\n<p>Kevin Le Pennec, Raoul Moretti, Myrdhin, Nodlaig Brolly, Charlotte Daun, Tom Daun, Anna Eggersberger, Gr\u00e9gory Br\u00e9valle, Morgane Le Cuff, Mandragore, C\u00e9cile Branche, Elisa Nicotra, Dominique Herman, Florence Jamain<\/p>\n\n\n\n<h2 class=\"wp-block-heading\"><strong>Tarifs 2026<\/strong><\/h2>\n\n\n\n<p><strong>Stage de harpe<\/strong> (cours + acc\u00e8s aux concerts de 17h30 et 20h30) : 380 \u20ac<br>(hors h\u00e9bergement et repas)<\/p>\n\n\n\n<p><strong>Forfait Repas du midi<\/strong> \u2013 du 9 au 12 juillet (4 repas) : 46 \u20ac<\/p>\n\n\n\n<p><strong>Forfait Repas midi et soir<\/strong> \u2013 du mercredi 8 soir au dimanche 12 soir (9 repas) : 100 \u20ac<br>Uniquement pour les adultes de + 18 ans<\/p>\n\n\n\n<p><strong>Forfait Pension compl\u00e8te <\/strong>(h\u00e9bergement + repas)<br>Du mercredi 8 juillet au soir au lundi 13 juillet au matin :<\/p>\n\n\n\n<ul class=\"wp-block-list\">\n<li>Enfants : 195 \u20ac (chambre double + encadrement)<\/li>\n\n\n\n<li>Adultes : 230 \u20ac (chambre individuelle)<\/li>\n<\/ul>\n\n\n\n<h2 class=\"wp-block-heading\"><strong>Lieu du stage&nbsp;<\/strong><\/h2>\n\n\n\n<p>Coll\u00e8ge Les Cordeliers \u2013 Centre Ville de Dinan (22) France.<\/p>\n\n\n\n<h2 class=\"wp-block-heading\"><strong>Dates<\/strong><\/h2>\n\n\n\n<ul class=\"wp-block-list\">\n<li>Accueil des stagiaires : mercredi 8 juillet \u00e0 14h<\/li>\n\n\n\n<li>Fin du stage : dimanche 12 juillet en soir\u00e9e<\/li>\n\n\n\n<li>D\u00e9part des stagiaires en pension compl\u00e8te : lundi 13 juillet \u00e0 10h<\/li>\n<\/ul>\n\n\n\n<h2 class=\"wp-block-heading\"><strong>Mat\u00e9riel<\/strong><\/h2>\n\n\n\n<p>Une harpe + cl\u00e9 d\u2019accord.<\/p>\n\n\n\n<p><strong>Location de harpe<\/strong><br>Possibilit\u00e9 de location aupr\u00e8s de <strong>Camac-Harpes<\/strong><br>&#x1f4de; 02 40 97 24 97<br>(Pr\u00e9ciser : \u00ab stage de Dinan \u00bb)<\/p>\n\n\n\n<p>Le transport des harpes Camac est organis\u00e9 entre Mouzeil et Dinan.<br>&#x26a0;&#xfe0f; Le nombre d\u2019instruments disponibles est limit\u00e9 : pensez \u00e0 r\u00e9server rapidement.<\/p>\n\n\n\n<h2 class=\"wp-block-heading\"><strong>H\u00e9bergement<\/strong><\/h2>\n\n\n\n<p>Liste des h\u00e9bergements disponibles aupr\u00e8s de l&rsquo;Office de Tourisme de Dinan <br>&#x1f310;<a href=\"http:\/\/www.dinan-capfrehel.com\">www.dinan-capfrehel.com<\/a><br><br>Une <strong>pension compl\u00e8te aux Cordeliers<\/strong> est propos\u00e9e (mineurs encadr\u00e9s en dehors des cours).<br>\u00c0 pr\u00e9voir : drap housse, duvet et oreiller.<br>&#x26a0;&#xfe0f; Important : cet h\u00e9bergement implique des contraintes horaires. Pour des raisons de s\u00e9curit\u00e9, les chambres ne sont pas accessibles en permanence dans la journ\u00e9e.<\/p>\n\n\n\n<h2 class=\"wp-block-heading\"><strong>Assurance&nbsp;<\/strong><\/h2>\n\n\n\n<p>Les stagiaires doivent \u00eatre couverts par une <strong>assurance responsabilit\u00e9 civile<\/strong>.<\/p>\n\n\n\n<h2 class=\"wp-block-heading\"><strong>Adh\u00e9sion au CRIHC<\/strong><\/h2>\n\n\n\n<p>La cotisation au Comit\u00e9 des Rencontres Internationales de Harpe Celtique est obligatoire pour participer au stage. <br>20 euros, sauf si d\u00e9j\u00e0 effectu\u00e9e pour 2026<\/p>\n\n\n\n<h2 class=\"wp-block-heading\">Ateliers facultatifs gratuits<\/h2>\n\n\n\n<p><strong><em>Atelier Harpe et Corps&nbsp;<\/em><\/strong><\/p>\n\n\n\n<p><em>Initiation \u00e0 la sophrologie adapt\u00e9e au jeu de harpe avec Gr\u00e9gory Brevalle&nbsp;<\/em><br>Nous explorerons la d\u00e9tente avec l\u2019instrument, la posture, le souffle et le mental afin d\u2019am\u00e9liorer le confort et la qualit\u00e9 du jeu.<br>Deux facettes d\u2019une m\u00eame d\u00e9marche : faire corps avec sa harpe et entrer en r\u00e9sonance avec elle.<\/p>\n\n\n\n<p><strong><em>Atelier \u00e9lectroharpe<\/em><\/strong><\/p>\n\n\n\n<p><em>Envie de d\u00e9couvrir ou d\u2019approfondir l\u2019univers des effets et du bouclage avec Fr\u00e9d\u00e9ric Bougouin ?<br><\/em>Cet atelier propose un peu de th\u00e9orie, mais surtout beaucoup de pratique.<br>\u00c0 partir de motifs simples servant de base commune, nous exp\u00e9rimenterons :<\/p>\n\n\n\n<ul class=\"wp-block-list\">\n<li>les effets<\/li>\n\n\n\n<li>le loop<\/li>\n\n\n\n<li>la harpe \u00e9lectrique<\/li>\n\n\n\n<li>les bases du mat\u00e9riel et des branchements<\/li>\n<\/ul>\n\n\n\n<p>Un formidable outil pour travailler la mise en place, d\u00e9velopper l\u2019improvisation et construire l\u2019architecture musicale.<\/p>\n\n\n\n<div class=\"wp-block-buttons is-layout-flex wp-block-buttons-is-layout-flex\">\n<div class=\"wp-block-button has-custom-width wp-block-button__width-100 is-style-fill\"><a class=\"wp-block-button__link has-white-color has-text-color has-background has-link-color has-medium-font-size has-text-align-center has-custom-font-size wp-element-button\" href=\"https:\/\/docs.google.com\/forms\/d\/e\/1FAIpQLSdIsKFsCdi0XEfh1DVVbye9P5Z9eJ6oayPFIfabkUDy8sMYoA\/viewform?usp=header\" style=\"background-color:#f9b233\"><strong>Formulaire d&rsquo;inscription<\/strong><\/a><\/div>\n<\/div>\n\n\n\n<p><\/p>\n\n\n\n<p><strong>Le CRIHC se r\u00e9serve le droit de modifier la composition des programmes, des intervenants du stage, des horaires et des lieux de concerts.&nbsp;<\/strong><\/p>\n\n\n\n<p><\/p>\n\n\n\n<p><em>47th masterclass ! For all levels, from 10 y-o. The lessons are mainly oral for introduction course, refresher course, advanced level course and professional course. The training course immersed in the heart of the 42th celtic harp festival : learning, exchanges meetings, are at the heart of rich and varied program of courses, concerts, workshop. Equipment : you will need a harp and a key tuner. It is possible to rent a harp at Camac-Harpes (02 40 97 24 97) \u2013 you will have to precise that you need a harp for a training course in Dinan. We organize a transport of the Camac harps from Mouzeil to Dinan.<\/em><\/p>\n\n\n\n<p><em>PRICES<\/em><br><em>Masterclass&nbsp; : 380\u20ac (harp lessons, dance workshop, it gives you access to the 3 concerts at the theatre at 8.30pm and the 4 concerts at les Cordeliers at 5.30pm. However, accomodations and meals are not included)<br>Meal package for midday from the 9th and the 13th of July : 46\u20ac<br>Adult full board from the 9th of July (evening meal included)&nbsp; to the 14th of July (breakfast included) : 230\u20ac<br>Minor full board from the 9th of July (evening meal included)&nbsp; to the 14th of July (breakfast included) : 195\u20ac<\/em><\/p>\n\n\n\n<p><em>Accomodation&nbsp;: You can find a list of accomodation on www.dinan-tourisme.com. You can also pay for a full board at Les Cordeliers, minors have to be supervised by qualified individuals when they will not be in class. You will require for sleeping&nbsp;: fitted-sheet, sleeping bag and pillow. Insurance&nbsp;: We necessitate a liability release agreement . You will have to pay 20\u20ac more&nbsp;for the CRIHC&rsquo;s membership.<\/em><\/p>\n\n\n\n<p><a href=\"https:\/\/docs.google.com\/forms\/d\/e\/1FAIpQLSdIsKFsCdi0XEfh1DVVbye9P5Z9eJ6oayPFIfabkUDy8sMYoA\/viewform?usp=header\"><em>Inscription <\/em><\/a><\/p>\n\n\n\n<p><\/p>\n","protected":false},"excerpt":{"rendered":"<p>&#x1f4c5; Du 8 au 12 juillet 2026 &#x1f4cd; Dinan (C\u00f4tes-d\u2019Armor, France &nbsp;Les inscriptions sont d\u00e9sormais ouvertes ! Pr\u00e9sentation du stage Le stage est ouvert \u00e0&hellip; <\/p>\n","protected":false},"author":3,"featured_media":0,"parent":0,"menu_order":0,"comment_status":"closed","ping_status":"closed","template":"page-templates\/gallery-template.php","meta":{"_monsterinsights_skip_tracking":false,"_monsterinsights_sitenote_active":false,"_monsterinsights_sitenote_note":"","_monsterinsights_sitenote_category":0,"footnotes":"","_links_to":"","_links_to_target":""},"class_list":["post-1085","page","type-page","status-publish","hentry"],"_links":{"self":[{"href":"https:\/\/www.harpe-celtique.fr\/festival\/wp-json\/wp\/v2\/pages\/1085","targetHints":{"allow":["GET"]}}],"collection":[{"href":"https:\/\/www.harpe-celtique.fr\/festival\/wp-json\/wp\/v2\/pages"}],"about":[{"href":"https:\/\/www.harpe-celtique.fr\/festival\/wp-json\/wp\/v2\/types\/page"}],"author":[{"embeddable":true,"href":"https:\/\/www.harpe-celtique.fr\/festival\/wp-json\/wp\/v2\/users\/3"}],"replies":[{"embeddable":true,"href":"https:\/\/www.harpe-celtique.fr\/festival\/wp-json\/wp\/v2\/comments?post=1085"}],"version-history":[{"count":70,"href":"https:\/\/www.harpe-celtique.fr\/festival\/wp-json\/wp\/v2\/pages\/1085\/revisions"}],"predecessor-version":[{"id":4264,"href":"https:\/\/www.harpe-celtique.fr\/festival\/wp-json\/wp\/v2\/pages\/1085\/revisions\/4264"}],"wp:attachment":[{"href":"https:\/\/www.harpe-celtique.fr\/festival\/wp-json\/wp\/v2\/media?parent=1085"}],"curies":[{"name":"wp","href":"https:\/\/api.w.org\/{rel}","templated":true}]}}